{"id":5283,"date":"2023-07-17T14:34:46","date_gmt":"2023-07-17T13:34:46","guid":{"rendered":"https:\/\/editron.hr\/proizvod\/nitecore-p35i-rucna-baterijska-svjetiljka-laser-led-3000-lm\/"},"modified":"2023-07-25T21:27:39","modified_gmt":"2023-07-25T20:27:39","slug":"nitecore-p35i-rucna-baterijska-svjetiljka-laser-led-3000-lm","status":"publish","type":"product","link":"https:\/\/editron.hr\/en\/proizvod\/nitecore-p35i-rucna-baterijska-svjetiljka-laser-led-3000-lm\/","title":{"rendered":"NITECORE P35i &#8211; Ru\u010dna baterijska svjetiljka (LASER + LED) &#8211; 3000 lm"},"content":{"rendered":"<p>P35i<\/p>\n<p>Max Output 3,000 Lumens<br \/>\nMax Beam Distance 1,650 m<br \/>\nMax Beam Intensity 678,000 cd<br \/>\nMax Runtime 60 h 0 m \/ 2.5 d<br \/>\nLED 6 x CREE XP-G3 LEDs, Class 1 LEP Light<br \/>\nBattery 1 \u00d7 21700, 2 \u00d7 CR123, 2 \u00d7 RCR123<br \/>\nLength 186.9 mm \/ 7.36 in<br \/>\nHead Size 65 mm \/ 2.56 in<br \/>\nWeight 296.6 g \/ 10.46 oz<br \/>\nFeature Rechargeable, Ultra Long Range<br \/>\nActivity Search, Patrolling, Rescue, Industrial Maintenance, Emergency Lighting<\/p>\n<p>Komplet uklju\u010duje:<\/p>\n<p>NITECORE 21700i punjivi Li-ion baterijski ulo\u017eak<br \/>\n(NL21700HPi &#8211; 5000 mAh)<br \/>\nDaljinski prekida\u010d RSW2i &#8211; dio s kablom<br \/>\nUSB-C kabel za punjenje<br \/>\nAdapter za baterijske ulo\u0161ke CR123<br \/>\nRezervni O-prsten<br \/>\nFutrola-<\/p>\n","protected":false},"excerpt":{"rendered":"<p>P35i Max Output 3,000 Lumens Max Beam Distance 1,650 m Max Beam Intensity 678,000 cd Max Runtime 60 h 0 m \/ 2.5 d LED 6 x CREE XP-G3 LEDs, Class 1 LEP Light Battery 1 \u00d7 21700, 2 \u00d7 CR123, 2 \u00d7 RCR123 Length 186.9 mm \/ 7.36 in Head Size 65 mm \/ [&hellip;]<\/p>\n","protected":false},"featured_media":5284,"template":"","meta":[],"product_cat":[162,172,176],"product_tag":[165],"acf":[],"_links":{"self":[{"href":"https:\/\/editron.hr\/en\/wp-json\/wp\/v2\/product\/5283"}],"collection":[{"href":"https:\/\/editron.hr\/en\/wp-json\/wp\/v2\/product"}],"about":[{"href":"https:\/\/editron.hr\/en\/wp-json\/wp\/v2\/types\/product"}],"wp:featuredmedia":[{"embeddable":true,"href":"https:\/\/editron.hr\/en\/wp-json\/wp\/v2\/media\/5284"}],"wp:attachment":[{"href":"https:\/\/editron.hr\/en\/wp-json\/wp\/v2\/media?parent=5283"}],"wp:term":[{"taxonomy":"product_cat","embeddable":true,"href":"https:\/\/editron.hr\/en\/wp-json\/wp\/v2\/product_cat?post=5283"},{"taxonomy":"product_tag","embeddable":true,"href":"https:\/\/editron.hr\/en\/wp-json\/wp\/v2\/product_tag?post=5283"}],"curies":[{"name":"wp","href":"https:\/\/api.w.org\/{rel}","templated":true}]}}