{"id":5079,"date":"2023-07-10T12:36:03","date_gmt":"2023-07-10T11:36:03","guid":{"rendered":"https:\/\/editron.hr\/proizvod\/nitecore-br25-baterijska-svjetiljka-za-montazu-na-bicikl-1400-lm\/"},"modified":"2023-07-25T21:27:14","modified_gmt":"2023-07-25T20:27:14","slug":"nitecore-br25-baterijska-svjetiljka-za-montazu-na-bicikl-1400-lm","status":"publish","type":"product","link":"https:\/\/editron.hr\/en\/proizvod\/nitecore-br25-baterijska-svjetiljka-za-montazu-na-bicikl-1400-lm\/","title":{"rendered":"NITECORE BR25 &#8211; Baterijska svjetiljka za monta\u017eu na BICIKL &#8211; 1400 lm"},"content":{"rendered":"<p>BR25<\/p>\n<p>Max Output 1400 Lumens<br \/>\nMax Beam Distance 163 m<br \/>\nMax Beam Intensity 6700 cd<br \/>\nMax Runtime 60 h 0 m \/ 2.5 d<br \/>\nLED Luminus SST-40-W LED<br \/>\nBattery 1 \u00d7 21700, 1 \u00d7 18650, 2 \u00d7 CR123, 2 \u00d7 RCR123<br \/>\nSpecial Modes Warning Flashing<br \/>\nLength 148.6 mm \/ 5.85 in<br \/>\nHead Size 30 mm \/ 1.18 in<br \/>\nWeight 76 g \/ 2.68 oz<br \/>\nActivity Outdoor\/Camping, EDC, Biking-<\/p>\n","protected":false},"excerpt":{"rendered":"<p>BR25 Max Output 1400 Lumens Max Beam Distance 163 m Max Beam Intensity 6700 cd Max Runtime 60 h 0 m \/ 2.5 d LED Luminus SST-40-W LED Battery 1 \u00d7 21700, 1 \u00d7 18650, 2 \u00d7 CR123, 2 \u00d7 RCR123 Special Modes Warning Flashing Length 148.6 mm \/ 5.85 in Head Size 30 mm [&hellip;]<\/p>\n","protected":false},"featured_media":5080,"template":"","meta":[],"product_cat":[234,162,172],"product_tag":[165],"acf":[],"_links":{"self":[{"href":"https:\/\/editron.hr\/en\/wp-json\/wp\/v2\/product\/5079"}],"collection":[{"href":"https:\/\/editron.hr\/en\/wp-json\/wp\/v2\/product"}],"about":[{"href":"https:\/\/editron.hr\/en\/wp-json\/wp\/v2\/types\/product"}],"wp:featuredmedia":[{"embeddable":true,"href":"https:\/\/editron.hr\/en\/wp-json\/wp\/v2\/media\/5080"}],"wp:attachment":[{"href":"https:\/\/editron.hr\/en\/wp-json\/wp\/v2\/media?parent=5079"}],"wp:term":[{"taxonomy":"product_cat","embeddable":true,"href":"https:\/\/editron.hr\/en\/wp-json\/wp\/v2\/product_cat?post=5079"},{"taxonomy":"product_tag","embeddable":true,"href":"https:\/\/editron.hr\/en\/wp-json\/wp\/v2\/product_tag?post=5079"}],"curies":[{"name":"wp","href":"https:\/\/api.w.org\/{rel}","templated":true}]}}