{"id":5078,"date":"2023-07-10T12:35:55","date_gmt":"2023-07-10T11:35:55","guid":{"rendered":"https:\/\/editron.hr\/proizvod\/nitecore-automobilski-adapter-za-el-punjace-05a\/"},"modified":"2023-07-25T21:27:13","modified_gmt":"2023-07-25T20:27:13","slug":"nitecore-automobilski-adapter-za-el-punjace-05a","status":"publish","type":"product","link":"https:\/\/editron.hr\/en\/proizvod\/nitecore-automobilski-adapter-za-el-punjace-05a\/","title":{"rendered":"NITECORE Automobilski adapter za el. punja\u010de &#8211; 0,5A"},"content":{"rendered":"<p>NITECORE Automobilski punja\u010d za el. punja\u010de &#8211; 0,5A-<\/p>\n","protected":false},"excerpt":{"rendered":"<p>NITECORE Automobilski punja\u010d za el. punja\u010de &#8211; 0,5A-<\/p>\n","protected":false},"featured_media":0,"template":"","meta":[],"product_cat":[166,171],"product_tag":[169],"acf":[],"_links":{"self":[{"href":"https:\/\/editron.hr\/en\/wp-json\/wp\/v2\/product\/5078"}],"collection":[{"href":"https:\/\/editron.hr\/en\/wp-json\/wp\/v2\/product"}],"about":[{"href":"https:\/\/editron.hr\/en\/wp-json\/wp\/v2\/types\/product"}],"wp:attachment":[{"href":"https:\/\/editron.hr\/en\/wp-json\/wp\/v2\/media?parent=5078"}],"wp:term":[{"taxonomy":"product_cat","embeddable":true,"href":"https:\/\/editron.hr\/en\/wp-json\/wp\/v2\/product_cat?post=5078"},{"taxonomy":"product_tag","embeddable":true,"href":"https:\/\/editron.hr\/en\/wp-json\/wp\/v2\/product_tag?post=5078"}],"curies":[{"name":"wp","href":"https:\/\/api.w.org\/{rel}","templated":true}]}}