{"id":4929,"date":"2020-11-09T08:34:05","date_gmt":"2020-11-09T07:34:05","guid":{"rendered":"https:\/\/editron.hr\/proizvod\/nitecore-ui1-el-punjac-za-baterijske-uloske\/"},"modified":"2022-03-15T12:32:36","modified_gmt":"2022-03-15T11:32:36","slug":"nitecore-ui1-el-punjac-za-baterijske-uloske","status":"publish","type":"product","link":"https:\/\/editron.hr\/en\/proizvod\/nitecore-ui1-el-punjac-za-baterijske-uloske\/","title":{"rendered":"NITECORE UI1 &#8211; El. punja\u010d za baterijske ulo\u0161ke"},"content":{"rendered":"<p>NITECORE UI1 &#8211; El. punja\u010d za baterijske ulo\u0161ke<\/p>\n<p>Input<br \/>\nDC 5V\/1A 5W<\/p>\n<p>Output voltage<br \/>\n4.2V\u00b11%<\/p>\n<p>Output current<br \/>\n1000mA (MAX)<\/p>\n<p>Compatible with<br \/>\nLi-ion\/IMR: 10340, 10350, 10440, 10500, 12340, 12500, 12650,<br \/>\n13450, 13500, 13650, 14430, 14500, 14650, 16500,<br \/>\n16340 (RCR123), 16650, 17350, 17500,17650, 17670,<br \/>\n18350, 18490, 18500, 18650, 20700, 21700, 22500,<br \/>\n22650, 25500, 26500, 26650-<\/p>\n","protected":false},"excerpt":{"rendered":"<p>NITECORE UI1 &#8211; El. punja\u010d za baterijske ulo\u0161ke Input DC 5V\/1A 5W Output voltage 4.2V\u00b11% Output current 1000mA (MAX) Compatible with Li-ion\/IMR: 10340, 10350, 10440, 10500, 12340, 12500, 12650, 13450, 13500, 13650, 14430, 14500, 14650, 16500, 16340 (RCR123), 16650, 17350, 17500,17650, 17670, 18350, 18490, 18500, 18650, 20700, 21700, 22500, 22650, 25500, 26500, 26650-<\/p>\n","protected":false},"featured_media":4983,"template":"","meta":[],"product_cat":[166,171],"product_tag":[169],"acf":[],"_links":{"self":[{"href":"https:\/\/editron.hr\/en\/wp-json\/wp\/v2\/product\/4929"}],"collection":[{"href":"https:\/\/editron.hr\/en\/wp-json\/wp\/v2\/product"}],"about":[{"href":"https:\/\/editron.hr\/en\/wp-json\/wp\/v2\/types\/product"}],"wp:featuredmedia":[{"embeddable":true,"href":"https:\/\/editron.hr\/en\/wp-json\/wp\/v2\/media\/4983"}],"wp:attachment":[{"href":"https:\/\/editron.hr\/en\/wp-json\/wp\/v2\/media?parent=4929"}],"wp:term":[{"taxonomy":"product_cat","embeddable":true,"href":"https:\/\/editron.hr\/en\/wp-json\/wp\/v2\/product_cat?post=4929"},{"taxonomy":"product_tag","embeddable":true,"href":"https:\/\/editron.hr\/en\/wp-json\/wp\/v2\/product_tag?post=4929"}],"curies":[{"name":"wp","href":"https:\/\/api.w.org\/{rel}","templated":true}]}}