{"id":4927,"date":"2020-11-09T08:30:06","date_gmt":"2020-11-09T07:30:06","guid":{"rendered":"https:\/\/editron.hr\/proizvod\/nitecore-n-um2-el-punjac-za-baterijske-uloske\/"},"modified":"2022-03-15T12:32:36","modified_gmt":"2022-03-15T11:32:36","slug":"nitecore-um2-el-punjac-za-baterijske-uloske","status":"publish","type":"product","link":"https:\/\/editron.hr\/en\/proizvod\/nitecore-um2-el-punjac-za-baterijske-uloske\/","title":{"rendered":"NITECORE UM2 &#8211; El. punja\u010d za baterijske ulo\u0161ke"},"content":{"rendered":"<p>NITECORE UM2 &#8211; El. punja\u010d za baterijske ulo\u0161ke<\/p>\n<p>Input<br \/>\nDC 5V\/2A 9V\/2A<br \/>\n18W (MAX)<\/p>\n<p>Output voltage<br \/>\n4.35V\u00b11% \/ 4.2V\u00b11% \/ 3.7V\u00b11% \/ 1.48V\u00b11%<\/p>\n<p>Output current<br \/>\nQC Mode: 1,500mA*2 (MAX)<br \/>\nStandard Mode: 1,000mA*2 (MAX)<\/p>\n<p>Compatible with<br \/>\nIMR\/Li-ion\/LiFePO4: 10440, 14500, 14650, 16500, 16340(RCR123), 16650,<br \/>\n17350, 17500, 17650, 17670, 17700, 18350, 18490,<br \/>\n18500, 18650, 18700, 20700, 21700, 22500, 22650,<br \/>\n25500, 26500, 26650, 26700<br \/>\nNi-MH\/Ni-Cd: AA, AAA, AAAA, C, D-<\/p>\n","protected":false},"excerpt":{"rendered":"<p>NITECORE UM2 &#8211; El. punja\u010d za baterijske ulo\u0161ke Input DC 5V\/2A 9V\/2A 18W (MAX) Output voltage 4.35V\u00b11% \/ 4.2V\u00b11% \/ 3.7V\u00b11% \/ 1.48V\u00b11% Output current QC Mode: 1,500mA*2 (MAX) Standard Mode: 1,000mA*2 (MAX) Compatible with IMR\/Li-ion\/LiFePO4: 10440, 14500, 14650, 16500, 16340(RCR123), 16650, 17350, 17500, 17650, 17670, 17700, 18350, 18490, 18500, 18650, 18700, 20700, 21700, 22500, [&hellip;]<\/p>\n","protected":false},"featured_media":4890,"template":"","meta":[],"product_cat":[166,171],"product_tag":[169],"acf":[],"_links":{"self":[{"href":"https:\/\/editron.hr\/en\/wp-json\/wp\/v2\/product\/4927"}],"collection":[{"href":"https:\/\/editron.hr\/en\/wp-json\/wp\/v2\/product"}],"about":[{"href":"https:\/\/editron.hr\/en\/wp-json\/wp\/v2\/types\/product"}],"wp:featuredmedia":[{"embeddable":true,"href":"https:\/\/editron.hr\/en\/wp-json\/wp\/v2\/media\/4890"}],"wp:attachment":[{"href":"https:\/\/editron.hr\/en\/wp-json\/wp\/v2\/media?parent=4927"}],"wp:term":[{"taxonomy":"product_cat","embeddable":true,"href":"https:\/\/editron.hr\/en\/wp-json\/wp\/v2\/product_cat?post=4927"},{"taxonomy":"product_tag","embeddable":true,"href":"https:\/\/editron.hr\/en\/wp-json\/wp\/v2\/product_tag?post=4927"}],"curies":[{"name":"wp","href":"https:\/\/api.w.org\/{rel}","templated":true}]}}