{"id":4866,"date":"2020-11-06T20:32:05","date_gmt":"2020-11-06T19:32:05","guid":{"rendered":"https:\/\/editron.hr\/proizvod\/nitecore-dl20-ronilacka-rucna-baterijska-svjetiljka-do-100m-1000-lm\/"},"modified":"2023-07-25T21:27:16","modified_gmt":"2023-07-25T20:27:16","slug":"nitecore-dl20-ronilacka-rucna-baterijska-svjetiljka-do-100m-1000-lm","status":"publish","type":"product","link":"https:\/\/editron.hr\/en\/proizvod\/nitecore-dl20-ronilacka-rucna-baterijska-svjetiljka-do-100m-1000-lm\/","title":{"rendered":"NITECORE DL20 &#8211; Ronila\u010dka ru\u010dna baterijska svjetiljka (do 100m) &#8211; 1000 lm"},"content":{"rendered":"<p>NITECORE DL20 &#8211; Ronila\u010dka ru\u010dna baterijska svjetiljka &#8211; 1000 lm<\/p>\n<p>(Za dubine do 100m)<\/p>\n<p>Max Output 1000 Lumens<br \/>\nMax Beam Distance 223 m<br \/>\nMax Beam Intensity 12400<br \/>\nMax Runtime 9 h 0 m \/ 0.37 d<br \/>\nLED CREE XP-L HI V3<br \/>\nReflector SMO<br \/>\nBattery 1 \u00d7 18650 ,2 \u00d7 CR123 ,2 x RCR123<br \/>\nSpecial Modes Strobe<br \/>\nBeam color White light<br \/>\nLength 133.1 mm \/ 5.24 in<br \/>\nHead Size 34 mm \/ 1.33 in<br \/>\nWeight 135.5 g \/ 4.77 oz<br \/>\nActivity Gear,Outdoor\/Camping,Diving<\/p>\n<p>KOMPLET UKLJU\u010cUJE:<\/p>\n<p>Ronila\u010dka uzica<br \/>\nRezervni O &#8211; prsten<br \/>\nBaterijski ulo\u017eak NL 1823-<\/p>\n","protected":false},"excerpt":{"rendered":"<p>NITECORE DL20 &#8211; Ronila\u010dka ru\u010dna baterijska svjetiljka &#8211; 1000 lm (Za dubine do 100m) Max Output 1000 Lumens Max Beam Distance 223 m Max Beam Intensity 12400 Max Runtime 9 h 0 m \/ 0.37 d LED CREE XP-L HI V3 Reflector SMO Battery 1 \u00d7 18650 ,2 \u00d7 CR123 ,2 x RCR123 Special Modes [&hellip;]<\/p>\n","protected":false},"featured_media":4836,"template":"","meta":[],"product_cat":[166,174,175],"product_tag":[169],"acf":[],"_links":{"self":[{"href":"https:\/\/editron.hr\/en\/wp-json\/wp\/v2\/product\/4866"}],"collection":[{"href":"https:\/\/editron.hr\/en\/wp-json\/wp\/v2\/product"}],"about":[{"href":"https:\/\/editron.hr\/en\/wp-json\/wp\/v2\/types\/product"}],"wp:featuredmedia":[{"embeddable":true,"href":"https:\/\/editron.hr\/en\/wp-json\/wp\/v2\/media\/4836"}],"wp:attachment":[{"href":"https:\/\/editron.hr\/en\/wp-json\/wp\/v2\/media?parent=4866"}],"wp:term":[{"taxonomy":"product_cat","embeddable":true,"href":"https:\/\/editron.hr\/en\/wp-json\/wp\/v2\/product_cat?post=4866"},{"taxonomy":"product_tag","embeddable":true,"href":"https:\/\/editron.hr\/en\/wp-json\/wp\/v2\/product_tag?post=4866"}],"curies":[{"name":"wp","href":"https:\/\/api.w.org\/{rel}","templated":true}]}}