{"id":4805,"date":"2020-11-05T14:27:23","date_gmt":"2020-11-05T13:27:23","guid":{"rendered":"https:\/\/editron.hr\/proizvod\/nitecore-tube-yellow-rucna-baterijska-svjetiljka-zuta-45-lm\/"},"modified":"2022-03-15T12:32:34","modified_gmt":"2022-03-15T11:32:34","slug":"nitecore-tube-yellow-rucna-baterijska-svjetiljka-zuta-45-lm","status":"publish","type":"product","link":"https:\/\/editron.hr\/en\/proizvod\/nitecore-tube-yellow-rucna-baterijska-svjetiljka-zuta-45-lm\/","title":{"rendered":"NITECORE TUBE yellow &#8211;  Ru\u010dna baterijska svjetiljka, \u017euta &#8211; 45 lm"},"content":{"rendered":"<p>NITECORE TUBE yellow &#8211;  Ru\u010dna baterijska svjetiljka, \u017euta &#8211; 45 lm<\/p>\n<p>Max Output                 45 lumens<br \/>\nMax Beam Distance     24 m<br \/>\nMax Beam Intensity    150 cd<br \/>\nMax Runtime               48 h 0 m \/ 2 d<br \/>\nLED                              High performance LED<br \/>\nBattery                        Rechargeable Li-ion<br \/>\nSpecial Modes              Location Beacon<br \/>\nBeam color                   White light<br \/>\nLength                         56.5 mm \/ 2.22 in<br \/>\nHead Size                    21 mm \/ 0.82 in<br \/>\nWeight                         9.6 g \/ 0.33 oz<br \/>\nFeature                       Infinitely Variable Brightness,Rechargeable<br \/>\nActivity                       Gear,Outdoor\/Camping<\/p>\n<p>\nKUMPLET UKLJU\u010cUJE:<br \/>\nPrsten za klju\u010deve-<\/p>\n","protected":false},"excerpt":{"rendered":"<p>NITECORE TUBE yellow &#8211; Ru\u010dna baterijska svjetiljka, \u017euta &#8211; 45 lm Max Output 45 lumens Max Beam Distance 24 m Max Beam Intensity 150 cd Max Runtime 48 h 0 m \/ 2 d LED High performance LED Battery Rechargeable Li-ion Special Modes Location Beacon Beam color White light Length 56.5 mm \/ 2.22 in [&hellip;]<\/p>\n","protected":false},"featured_media":1581,"template":"","meta":[],"product_cat":[166,174,177],"product_tag":[169],"acf":[],"_links":{"self":[{"href":"https:\/\/editron.hr\/en\/wp-json\/wp\/v2\/product\/4805"}],"collection":[{"href":"https:\/\/editron.hr\/en\/wp-json\/wp\/v2\/product"}],"about":[{"href":"https:\/\/editron.hr\/en\/wp-json\/wp\/v2\/types\/product"}],"wp:featuredmedia":[{"embeddable":true,"href":"https:\/\/editron.hr\/en\/wp-json\/wp\/v2\/media\/1581"}],"wp:attachment":[{"href":"https:\/\/editron.hr\/en\/wp-json\/wp\/v2\/media?parent=4805"}],"wp:term":[{"taxonomy":"product_cat","embeddable":true,"href":"https:\/\/editron.hr\/en\/wp-json\/wp\/v2\/product_cat?post=4805"},{"taxonomy":"product_tag","embeddable":true,"href":"https:\/\/editron.hr\/en\/wp-json\/wp\/v2\/product_tag?post=4805"}],"curies":[{"name":"wp","href":"https:\/\/api.w.org\/{rel}","templated":true}]}}