{"id":4783,"date":"2020-11-05T15:27:07","date_gmt":"2020-11-05T13:27:07","guid":{"rendered":"https:\/\/editron.hr\/proizvod\/nitecore-p30-hunting-kit-rucna-baterijska-svjetiljka-lovacki-set\/"},"modified":"2023-07-17T14:34:42","modified_gmt":"2023-07-17T13:34:42","slug":"nitecore-p30-hunting-kit-rucna-baterijska-svjetiljka-1000lm-lovacki-set","status":"publish","type":"product","link":"https:\/\/editron.hr\/en\/proizvod\/nitecore-p30-hunting-kit-rucna-baterijska-svjetiljka-1000lm-lovacki-set\/","title":{"rendered":"NITECORE P30 HUNTING KIT &#8211; Ru\u010dna baterijska svjetiljka &#8211; 1000lm &#8211; LOVA\u010cKI SET"},"content":{"rendered":"<p>NITECORE P30 HUNTING KIT &#8211; Ru\u010dna baterijska svjetiljka &#8211; 1000lm &#8211; LOVA\u010cKI SET<\/p>\n<p>KOMPLET UKLJU\u010cUJE:<\/p>\n<p>Nitecore P30 Baterijska svjetiljka &#8211; 1000lm<\/p>\n<p>Max Output                1000 lumens<br \/>\nMax Beam Distance    618 m<br \/>\nMax Beam Intensity   95500 cd<br \/>\nMax Runtime              680 h 0 m \/ 28.33 d<br \/>\nLED                             CREE XP-L HI V3<br \/>\nReflector                    SMO<br \/>\nBattery                       1 \u00d7 18650 ,2 \u00d7 CR123<br \/>\nSpecial Modes             Location Beacon,SOS,Strobe<br \/>\nBeam color                  White light<br \/>\nLength                        141.5 mm \/ 5.57 in<br \/>\nHead Size                   50 mm \/ 1.96 in<br \/>\nWeight                       165 g \/ 5.82 oz<br \/>\nFeature                      STROBE READY<br \/>\nActivity                       Hunting,Law Enforcement,Military<\/p>\n<p>+ PRIBOR:<\/p>\n<p>Baterijski ulo\u017eak NL1823<br \/>\nKvalitetna futrola<br \/>\nGM02 \u2013 Stezaljka za monta\u017eu na oru\u017eje + imbus klju\u010d<br \/>\nRSW1 Daljinski prekida\u010d<br \/>\nNFR50 Crveni filtar<br \/>\nNFG50 Zeleni filtar<br \/>\nPunja\u010d NEW i2<br \/>\nAutomobilski adapter za punja\u010d<br \/>\nTakti\u010dki prsten<br \/>\nUzica<br \/>\nKva\u010dica<br \/>\nRezervni O &#8211; prsten &#8211; 2 kom.<br \/>\nRezervni poklopac prekida\u010da-<\/p>\n","protected":false},"excerpt":{"rendered":"<p>NITECORE P30 HUNTING KIT &#8211; Ru\u010dna baterijska svjetiljka &#8211; 1000lm &#8211; LOVA\u010cKI SET KOMPLET UKLJU\u010cUJE: Nitecore P30 Baterijska svjetiljka &#8211; 1000lm Max Output 1000 lumens Max Beam Distance 618 m Max Beam Intensity 95500 cd Max Runtime 680 h 0 m \/ 28.33 d LED CREE XP-L HI V3 Reflector SMO Battery 1 \u00d7 18650 [&hellip;]<\/p>\n","protected":false},"featured_media":3832,"template":"","meta":[],"product_cat":[166,187],"product_tag":[169],"acf":[],"_links":{"self":[{"href":"https:\/\/editron.hr\/en\/wp-json\/wp\/v2\/product\/4783"}],"collection":[{"href":"https:\/\/editron.hr\/en\/wp-json\/wp\/v2\/product"}],"about":[{"href":"https:\/\/editron.hr\/en\/wp-json\/wp\/v2\/types\/product"}],"wp:featuredmedia":[{"embeddable":true,"href":"https:\/\/editron.hr\/en\/wp-json\/wp\/v2\/media\/3832"}],"wp:attachment":[{"href":"https:\/\/editron.hr\/en\/wp-json\/wp\/v2\/media?parent=4783"}],"wp:term":[{"taxonomy":"product_cat","embeddable":true,"href":"https:\/\/editron.hr\/en\/wp-json\/wp\/v2\/product_cat?post=4783"},{"taxonomy":"product_tag","embeddable":true,"href":"https:\/\/editron.hr\/en\/wp-json\/wp\/v2\/product_tag?post=4783"}],"curies":[{"name":"wp","href":"https:\/\/api.w.org\/{rel}","templated":true}]}}