{"id":4761,"date":"2020-11-05T14:26:55","date_gmt":"2020-11-05T13:26:55","guid":{"rendered":"https:\/\/editron.hr\/proizvod\/nitecore-ntr10-takticki-prsten-pro\/"},"modified":"2023-07-25T21:27:31","modified_gmt":"2023-07-25T20:27:31","slug":"nitecore-ntr10-takticki-prsten-pro","status":"publish","type":"product","link":"https:\/\/editron.hr\/en\/proizvod\/nitecore-ntr10-takticki-prsten-pro\/","title":{"rendered":"NITECORE NTR10 &#8211; Takti\u010dki prsten PRO"},"content":{"rendered":"<p>NITECORE NTR10 &#8211; Takti\u010dki prsten PRO<\/p>\n<p>Omogu\u0107uje jedinstvenu i jednostavnu monta\u017eu na Takti\u010dke baterijske svjetiljke za jednostavnije,  br\u017ee i fleksibilnije rukovanje i no\u0161enje baterijske svjetiljke.<br \/>\nMontira se u specijalno dizajnirane utore najnovijih modela Takti\u010dkih baterijskih svjetiljki.-<\/p>\n","protected":false},"excerpt":{"rendered":"<p>NITECORE NTR10 &#8211; Takti\u010dki prsten PRO Omogu\u0107uje jedinstvenu i jednostavnu monta\u017eu na Takti\u010dke baterijske svjetiljke za jednostavnije, br\u017ee i fleksibilnije rukovanje i no\u0161enje baterijske svjetiljke. Montira se u specijalno dizajnirane utore najnovijih modela Takti\u010dkih baterijskih svjetiljki.-<\/p>\n","protected":false},"featured_media":4456,"template":"","meta":[],"product_cat":[166,168,167],"product_tag":[169],"acf":[],"_links":{"self":[{"href":"https:\/\/editron.hr\/en\/wp-json\/wp\/v2\/product\/4761"}],"collection":[{"href":"https:\/\/editron.hr\/en\/wp-json\/wp\/v2\/product"}],"about":[{"href":"https:\/\/editron.hr\/en\/wp-json\/wp\/v2\/types\/product"}],"wp:featuredmedia":[{"embeddable":true,"href":"https:\/\/editron.hr\/en\/wp-json\/wp\/v2\/media\/4456"}],"wp:attachment":[{"href":"https:\/\/editron.hr\/en\/wp-json\/wp\/v2\/media?parent=4761"}],"wp:term":[{"taxonomy":"product_cat","embeddable":true,"href":"https:\/\/editron.hr\/en\/wp-json\/wp\/v2\/product_cat?post=4761"},{"taxonomy":"product_tag","embeddable":true,"href":"https:\/\/editron.hr\/en\/wp-json\/wp\/v2\/product_tag?post=4761"}],"curies":[{"name":"wp","href":"https:\/\/api.w.org\/{rel}","templated":true}]}}