{"id":4753,"date":"2020-11-05T15:26:50","date_gmt":"2020-11-05T13:26:50","guid":{"rendered":"https:\/\/editron.hr\/proizvod\/nitecore-npl20-baterijska-svjetiljka-za-direktnu-montazu-na-oruzje-460lm\/"},"modified":"2023-07-10T12:55:03","modified_gmt":"2023-07-10T11:55:03","slug":"nitecore-npl20-baterijska-svjetiljka-za-direktnu-montazu-na-oruzje-460lm","status":"publish","type":"product","link":"https:\/\/editron.hr\/en\/proizvod\/nitecore-npl20-baterijska-svjetiljka-za-direktnu-montazu-na-oruzje-460lm\/","title":{"rendered":"NITECORE NPL20 &#8211; Baterijska svjetiljka za direktnu monta\u017eu na ORU\u017dJE &#8211; 460lm"},"content":{"rendered":"<p>NPL20 &#8211; Baterijska svjetiljka za monta\u017eu na ORU\u017dJE  (automatska pu\u0161ka, pi\u0161tolj)<br \/>\nMonta\u017ea na tra\u010dnicu.<\/p>\n<p>Max Output 460 lumens<br \/>\nMax Beam Distance 76 m<br \/>\nMax Beam Intensity 1440 cd<br \/>\nMax Runtime 0 h 50 m \/ 0.03 d<br \/>\nLED CREE XP-G3 S3 LED<br \/>\nBattery 1 \u00d7 CR123<br \/>\nLength 64.5 mm \/ 2.54 in<br \/>\nHead Size 33 mm \/ 1.30 in<br \/>\nWeight 71.5 g \/ 2.52 oz<\/p>\n<p>\nKOMPLET UKLJU\u010cUJE:<\/p>\n<p>CR123 baterijski ulo\u017eak-<\/p>\n","protected":false},"excerpt":{"rendered":"<p>NPL20 &#8211; Baterijska svjetiljka za monta\u017eu na ORU\u017dJE (automatska pu\u0161ka, pi\u0161tolj) Monta\u017ea na tra\u010dnicu. Max Output 460 lumens Max Beam Distance 76 m Max Beam Intensity 1440 cd Max Runtime 0 h 50 m \/ 0.03 d LED CREE XP-G3 S3 LED Battery 1 \u00d7 CR123 Length 64.5 mm \/ 2.54 in Head Size 33 [&hellip;]<\/p>\n","protected":false},"featured_media":4385,"template":"","meta":[],"product_cat":[166,174,223],"product_tag":[169],"acf":[],"_links":{"self":[{"href":"https:\/\/editron.hr\/en\/wp-json\/wp\/v2\/product\/4753"}],"collection":[{"href":"https:\/\/editron.hr\/en\/wp-json\/wp\/v2\/product"}],"about":[{"href":"https:\/\/editron.hr\/en\/wp-json\/wp\/v2\/types\/product"}],"wp:featuredmedia":[{"embeddable":true,"href":"https:\/\/editron.hr\/en\/wp-json\/wp\/v2\/media\/4385"}],"wp:attachment":[{"href":"https:\/\/editron.hr\/en\/wp-json\/wp\/v2\/media?parent=4753"}],"wp:term":[{"taxonomy":"product_cat","embeddable":true,"href":"https:\/\/editron.hr\/en\/wp-json\/wp\/v2\/product_cat?post=4753"},{"taxonomy":"product_tag","embeddable":true,"href":"https:\/\/editron.hr\/en\/wp-json\/wp\/v2\/product_tag?post=4753"}],"curies":[{"name":"wp","href":"https:\/\/api.w.org\/{rel}","templated":true}]}}