{"id":4687,"date":"2020-11-05T14:26:08","date_gmt":"2020-11-05T13:26:08","guid":{"rendered":"https:\/\/editron.hr\/proizvod\/nitecore-mh25gt-hunting-kit-rucna-baterijska-svjetiljka-1000-lm-lovacki-set\/"},"modified":"2023-07-10T12:46:58","modified_gmt":"2023-07-10T11:46:58","slug":"nitecore-mh25gt-hunting-kit-rucna-baterijska-svjetiljka-1000-lm-lovacki-set","status":"publish","type":"product","link":"https:\/\/editron.hr\/en\/proizvod\/nitecore-mh25gt-hunting-kit-rucna-baterijska-svjetiljka-1000-lm-lovacki-set\/","title":{"rendered":"NITECORE MH25GT HUNTING KIT &#8211; Ru\u010dna baterijska svjetiljka &#8211; 1000 lm &#8211; LOVA\u010cKI SET"},"content":{"rendered":"<p>MH25GT HUNTING KIT &#8211; Ru\u010dna baterijska svjetiljka &#8211; 1000 lm &#8211; LOVA\u010cKI SET<\/p>\n<p>KOMPLET UKLJU\u010cUJE:<\/p>\n<p>Nitecore MH25GT baterijsku svjetiljku &#8211; 1000lm<\/p>\n<p>Max Output                 1000 lumens<br \/>\nMax Beam Distance     452 m<br \/>\nMax Beam Intensity    51100 cd<br \/>\nMax Runtime               36 h 0 m \/ 1.5 d<br \/>\nLED                              CREE XP-L HI V3<br \/>\nReflector                     SMO<br \/>\nBattery                        1 \u00d7 18650 ,2 \u00d7 CR123 ,2 x RCR123<br \/>\nSpecial Modes              SOS,Strobe<br \/>\nBeam color                   White light<br \/>\nLength                         160 mm \/ 6.29 in<br \/>\nHead Size                    40 mm \/ 1.57 in<br \/>\nWeight                        143 g \/ 5.04 oz<br \/>\nFeature                       Hybrid,Rechargeable<br \/>\nActivity                        Gear,Hunting,Law Enforcement,Military,Search,Outdoor\/Camping<\/p>\n<p>+ PRIBOR:<\/p>\n<p>Baterijski ulo\u017eak Li-ion &#8211; NL1834, 3400 mAh<br \/>\nKvalitetna futrola<br \/>\nUSB kabel<br \/>\nGM02 \u2013 Stezaljka za monta\u017eu na oru\u017eje + imbus klju\u010d<br \/>\nRSW1 Daljinski prekida\u010d<br \/>\nNFR40 Crveni filtar<br \/>\nNFG40 Zeleni filtar<br \/>\nTakti\u010dki prsten<br \/>\nUzica<br \/>\nKva\u010dica<br \/>\nRezervni poklopac prekida\u010da<br \/>\nRezervni O &#8211; prsten &#8211; 2 kom.-<\/p>\n","protected":false},"excerpt":{"rendered":"<p>MH25GT HUNTING KIT &#8211; Ru\u010dna baterijska svjetiljka &#8211; 1000 lm &#8211; LOVA\u010cKI SET KOMPLET UKLJU\u010cUJE: Nitecore MH25GT baterijsku svjetiljku &#8211; 1000lm Max Output 1000 lumens Max Beam Distance 452 m Max Beam Intensity 51100 cd Max Runtime 36 h 0 m \/ 1.5 d LED CREE XP-L HI V3 Reflector SMO Battery 1 \u00d7 18650 [&hellip;]<\/p>\n","protected":false},"featured_media":1759,"template":"","meta":[],"product_cat":[166,187],"product_tag":[169],"acf":[],"_links":{"self":[{"href":"https:\/\/editron.hr\/en\/wp-json\/wp\/v2\/product\/4687"}],"collection":[{"href":"https:\/\/editron.hr\/en\/wp-json\/wp\/v2\/product"}],"about":[{"href":"https:\/\/editron.hr\/en\/wp-json\/wp\/v2\/types\/product"}],"wp:featuredmedia":[{"embeddable":true,"href":"https:\/\/editron.hr\/en\/wp-json\/wp\/v2\/media\/1759"}],"wp:attachment":[{"href":"https:\/\/editron.hr\/en\/wp-json\/wp\/v2\/media?parent=4687"}],"wp:term":[{"taxonomy":"product_cat","embeddable":true,"href":"https:\/\/editron.hr\/en\/wp-json\/wp\/v2\/product_cat?post=4687"},{"taxonomy":"product_tag","embeddable":true,"href":"https:\/\/editron.hr\/en\/wp-json\/wp\/v2\/product_tag?post=4687"}],"curies":[{"name":"wp","href":"https:\/\/api.w.org\/{rel}","templated":true}]}}