{"id":4665,"date":"2020-11-05T14:25:56","date_gmt":"2020-11-05T13:25:56","guid":{"rendered":"https:\/\/editron.hr\/proizvod\/nitecore-gm05-stezaljka-za-montazu-na-oruzje\/"},"modified":"2023-07-10T12:41:02","modified_gmt":"2023-07-10T11:41:02","slug":"nitecore-gm05-stezaljka-za-montazu-na-oruzje","status":"publish","type":"product","link":"https:\/\/editron.hr\/en\/proizvod\/nitecore-gm05-stezaljka-za-montazu-na-oruzje\/","title":{"rendered":"NITECORE GM05 &#8211; Stezaljka za monta\u017eu na oru\u017eje"},"content":{"rendered":"<p>NITECORE GM05 &#8211; Stezaljka za monta\u017eu na oru\u017eje-<\/p>\n","protected":false},"excerpt":{"rendered":"<p>NITECORE GM05 &#8211; Stezaljka za monta\u017eu na oru\u017eje-<\/p>\n","protected":false},"featured_media":3359,"template":"","meta":[],"product_cat":[166,168,167],"product_tag":[169],"acf":[],"_links":{"self":[{"href":"https:\/\/editron.hr\/en\/wp-json\/wp\/v2\/product\/4665"}],"collection":[{"href":"https:\/\/editron.hr\/en\/wp-json\/wp\/v2\/product"}],"about":[{"href":"https:\/\/editron.hr\/en\/wp-json\/wp\/v2\/types\/product"}],"wp:featuredmedia":[{"embeddable":true,"href":"https:\/\/editron.hr\/en\/wp-json\/wp\/v2\/media\/3359"}],"wp:attachment":[{"href":"https:\/\/editron.hr\/en\/wp-json\/wp\/v2\/media?parent=4665"}],"wp:term":[{"taxonomy":"product_cat","embeddable":true,"href":"https:\/\/editron.hr\/en\/wp-json\/wp\/v2\/product_cat?post=4665"},{"taxonomy":"product_tag","embeddable":true,"href":"https:\/\/editron.hr\/en\/wp-json\/wp\/v2\/product_tag?post=4665"}],"curies":[{"name":"wp","href":"https:\/\/api.w.org\/{rel}","templated":true}]}}