{"id":4635,"date":"2020-11-05T14:25:33","date_gmt":"2020-11-05T13:25:33","guid":{"rendered":"https:\/\/editron.hr\/proizvod\/nitecore-dl10-ronilacka-rucna-baterijska-svjetiljka-1000-lm\/"},"modified":"2023-07-25T21:27:15","modified_gmt":"2023-07-25T20:27:15","slug":"nitecore-dl10-ronilacka-rucna-baterijska-svjetiljka-do-30m-1000-lm","status":"publish","type":"product","link":"https:\/\/editron.hr\/en\/proizvod\/nitecore-dl10-ronilacka-rucna-baterijska-svjetiljka-do-30m-1000-lm\/","title":{"rendered":"NITECORE DL10 &#8211; Ronila\u010dka ru\u010dna baterijska svjetiljka (do 30m) &#8211; 1000 lm"},"content":{"rendered":"<p>NITECORE DL10 &#8211; Ronila\u010dka ru\u010dna baterijska svjetiljka &#8211; 1000 lm<\/p>\n<p>(Za dubine do 30m)<\/p>\n<p>Max Output                   1000 lumens<br \/>\nMax Beam Distance       223 m<br \/>\nMax Beam Intensity      12400 cd<br \/>\nMax Runtime                 9 h 0 m \/ 0.37 d<br \/>\nLED                                CREE XP-L HI V3<br \/>\nReflector                       SMO<br \/>\nBattery                          1 \u00d7 18650 ,2 \u00d7 CR123<br \/>\nSpecial Modes                Strobe<br \/>\nBeam color                     Neutral white,Auxiliary Red Light<br \/>\nLength                           133.1 mm \/ 5.24 in<br \/>\nHead Size                      34 mm \/ 1.33 in<br \/>\nWeight                          143.1 g \/ 5.04 oz<br \/>\nFeature                         STROBE READY,Dual &#8211; Output,Tail Stand<br \/>\nActivity                          Outdoor\/Camping<\/p>\n<p>\nKOMPLET UKLJU\u010cUJE:<\/p>\n<p>Ronila\u010dki vrh-pokaziva\u010d<br \/>\nUzica<br \/>\nRezervni O &#8211; prsten &#8211; 5 kom. (4 kom. za svjetiljku i 1 kom. za vrh-pokaziva\u010d)-<\/p>\n","protected":false},"excerpt":{"rendered":"<p>NITECORE DL10 &#8211; Ronila\u010dka ru\u010dna baterijska svjetiljka &#8211; 1000 lm (Za dubine do 30m) Max Output 1000 lumens Max Beam Distance 223 m Max Beam Intensity 12400 cd Max Runtime 9 h 0 m \/ 0.37 d LED CREE XP-L HI V3 Reflector SMO Battery 1 \u00d7 18650 ,2 \u00d7 CR123 Special Modes Strobe Beam [&hellip;]<\/p>\n","protected":false},"featured_media":1586,"template":"","meta":[],"product_cat":[166,174,175],"product_tag":[169],"acf":[],"_links":{"self":[{"href":"https:\/\/editron.hr\/en\/wp-json\/wp\/v2\/product\/4635"}],"collection":[{"href":"https:\/\/editron.hr\/en\/wp-json\/wp\/v2\/product"}],"about":[{"href":"https:\/\/editron.hr\/en\/wp-json\/wp\/v2\/types\/product"}],"wp:featuredmedia":[{"embeddable":true,"href":"https:\/\/editron.hr\/en\/wp-json\/wp\/v2\/media\/1586"}],"wp:attachment":[{"href":"https:\/\/editron.hr\/en\/wp-json\/wp\/v2\/media?parent=4635"}],"wp:term":[{"taxonomy":"product_cat","embeddable":true,"href":"https:\/\/editron.hr\/en\/wp-json\/wp\/v2\/product_cat?post=4635"},{"taxonomy":"product_tag","embeddable":true,"href":"https:\/\/editron.hr\/en\/wp-json\/wp\/v2\/product_tag?post=4635"}],"curies":[{"name":"wp","href":"https:\/\/api.w.org\/{rel}","templated":true}]}}